{"id":1874,"date":"2021-05-13T13:06:42","date_gmt":"2021-05-13T22:06:42","guid":{"rendered":"http:\/\/minacantallops.x10.bz\/wp\/?page_id=1874"},"modified":"2021-05-15T13:33:26","modified_gmt":"2021-05-15T22:33:26","slug":"el-molinet-la-rimansa-i-el-santissim-crist","status":"publish","type":"page","link":"http:\/\/minacantallops.x10.bz\/wp\/passeig-toponimia-i-un-poc-dhistoria\/el-molinet-la-rimansa-i-el-santissim-crist\/","title":{"rendered":"El Molinet, La Rimansa i El Sant\u00edssim Crist"},"content":{"rendered":"<p>Lloc important a visitar: El molinet \u00e0rab, i al finalitzar passem per les xolines.<\/p>\n<p>Nivell:3. Les 2 \u00faltimes corbes del descens de la Rimansa s\u00f3n nivell 4.<br \/>\nSegment: Baixada de les Penyes de La Rimansa.<br \/>\nDist\u00e0ncia: 1Km<br \/>\nPendent mitjana:-23.67%<br \/>\nAltura 600m &#8211; 363m<br \/>\nP\u00e9rdua d&#8217;altitud 242m<\/p>\n<p><iframe loading=\"lazy\" width=\"560\" height=\"315\" src=\"https:\/\/www.youtube.com\/embed\/U6a4gl5KWek\" title=\"YouTube video player\" frameborder=\"0\" allow=\"accelerometer; autoplay; clipboard-write; encrypted-media; gyroscope; picture-in-picture\" allowfullscreen=\"\"><\/iframe><\/p>\n<p><iframe loading=\"lazy\" src=\"https:\/\/connect.garmin.com\/modern\/activity\/embed\/6774239163\" title=\"Alfondeguilla Ciclismo de monta\u00f1a\" width=\"465\" height=\"500\" frameborder=\"0\"><\/iframe><\/p>\n","protected":false},"excerpt":{"rendered":"<p>Lloc important a visitar: El molinet \u00e0rab, i al finalitzar passem per les xolines. Nivell:3. Les 2 \u00faltimes corbes del descens de la Rimansa s\u00f3n nivell 4. Segment: Baixada de les Penyes de La Rimansa. Dist\u00e0ncia: 1Km Pendent mitjana:-23.67% Altura &hellip; <a href=\"http:\/\/minacantallops.x10.bz\/wp\/passeig-toponimia-i-un-poc-dhistoria\/el-molinet-la-rimansa-i-el-santissim-crist\/\">Continua llegint <span class=\"meta-nav\">&rarr;<\/span><\/a><\/p>\n","protected":false},"author":1,"featured_media":0,"parent":1743,"menu_order":18,"comment_status":"closed","ping_status":"closed","template":"","meta":{"footnotes":""},"class_list":["post-1874","page","type-page","status-publish","hentry"],"_links":{"self":[{"href":"http:\/\/minacantallops.x10.bz\/wp\/wp-json\/wp\/v2\/pages\/1874","targetHints":{"allow":["GET"]}}],"collection":[{"href":"http:\/\/minacantallops.x10.bz\/wp\/wp-json\/wp\/v2\/pages"}],"about":[{"href":"http:\/\/minacantallops.x10.bz\/wp\/wp-json\/wp\/v2\/types\/page"}],"author":[{"embeddable":true,"href":"http:\/\/minacantallops.x10.bz\/wp\/wp-json\/wp\/v2\/users\/1"}],"replies":[{"embeddable":true,"href":"http:\/\/minacantallops.x10.bz\/wp\/wp-json\/wp\/v2\/comments?post=1874"}],"version-history":[{"count":5,"href":"http:\/\/minacantallops.x10.bz\/wp\/wp-json\/wp\/v2\/pages\/1874\/revisions"}],"predecessor-version":[{"id":1881,"href":"http:\/\/minacantallops.x10.bz\/wp\/wp-json\/wp\/v2\/pages\/1874\/revisions\/1881"}],"up":[{"embeddable":true,"href":"http:\/\/minacantallops.x10.bz\/wp\/wp-json\/wp\/v2\/pages\/1743"}],"wp:attachment":[{"href":"http:\/\/minacantallops.x10.bz\/wp\/wp-json\/wp\/v2\/media?parent=1874"}],"curies":[{"name":"wp","href":"https:\/\/api.w.org\/{rel}","templated":true}]}}